{"id":2099,"date":"2023-01-15T19:08:11","date_gmt":"2023-01-15T19:08:11","guid":{"rendered":"https:\/\/xn--ntcasinot-v2a.net\/kontakt-oss\/"},"modified":"2024-03-26T11:09:50","modified_gmt":"2024-03-26T11:09:50","slug":"kontakt-oss","status":"publish","type":"page","link":"https:\/\/xn--ntcasinot-v2a.net\/no\/kontakt-oss\/","title":{"rendered":"Kontakt oss"},"content":{"rendered":"\n<p>Vi i Online Casino er alltid \u00e5pne for \u00e5 h\u00f8re fra leserne v\u00e5re og ta imot foresp\u00f8rsler om samarbeid. Hvis du har sp\u00f8rsm\u00e5l eller kommentarer, er du velkommen til \u00e5 kontakte oss via Skype eller kontaktskjemaet nedenfor.<\/p>\n<div class=\"wpforms-container wpforms-container-full\" id=\"wpforms-1051\"><form id=\"wpforms-form-1051\" class=\"wpforms-validate wpforms-form wpforms-ajax-form\" data-formid=\"1051\" method=\"post\" enctype=\"multipart\/form-data\" action=\"\/no\/wp-json\/wp\/v2\/pages\/2099\" data-token=\"b4674291ac86cbf3af864446ca325c54\" data-token-time=\"1778299674\"><noscript class=\"wpforms-error-noscript\">Please enable JavaScript in your browser to complete this form.<\/noscript><div class=\"wpforms-field-container\"><div id=\"wpforms-1051-field_0-container\" class=\"wpforms-field wpforms-field-name\" data-field-id=\"0\"><label class=\"wpforms-field-label\" for=\"wpforms-1051-field_0\">Name <span class=\"wpforms-required-label\">*<\/span><\/label><input type=\"text\" id=\"wpforms-1051-field_0\" class=\"wpforms-field-medium wpforms-field-required\" name=\"wpforms[fields][0]\" required><\/div><div id=\"wpforms-1051-field_8-container\" class=\"wpforms-field wpforms-field-checkbox\" data-field-id=\"8\"><label class=\"wpforms-field-label\" for=\"wpforms-1051-field_8\">Why are you contacting us?<\/label><ul id=\"wpforms-1051-field_8\"><li class=\"choice-1 depth-1\"><input type=\"checkbox\" id=\"wpforms-1051-field_8_1\" name=\"wpforms[fields][8][]\" value=\"Advertising\"  ><label class=\"wpforms-field-label-inline\" for=\"wpforms-1051-field_8_1\">Advertising<\/label><\/li><li class=\"choice-2 depth-1\"><input type=\"checkbox\" id=\"wpforms-1051-field_8_2\" name=\"wpforms[fields][8][]\" value=\"Tips\"  ><label class=\"wpforms-field-label-inline\" for=\"wpforms-1051-field_8_2\">Tips<\/label><\/li><li class=\"choice-3 depth-1\"><input type=\"checkbox\" id=\"wpforms-1051-field_8_3\" name=\"wpforms[fields][8][]\" value=\"Other\"  ><label class=\"wpforms-field-label-inline\" for=\"wpforms-1051-field_8_3\">Other<\/label><\/li><\/ul><\/div><div id=\"wpforms-1051-field_7-container\" class=\"wpforms-field wpforms-field-text\" data-field-id=\"7\"><label class=\"wpforms-field-label\" for=\"wpforms-1051-field_7\">Your company name<\/label><input type=\"text\" id=\"wpforms-1051-field_7\" class=\"wpforms-field-medium\" name=\"wpforms[fields][7]\" ><\/div><div id=\"wpforms-1051-field_6-container\" class=\"wpforms-field wpforms-field-email\" data-field-id=\"6\"><label class=\"wpforms-field-label\" for=\"wpforms-1051-field_6\">Email  <span class=\"wpforms-required-label\">*<\/span><\/label><input type=\"email\" id=\"wpforms-1051-field_6\" class=\"wpforms-field-medium wpforms-field-required\" name=\"wpforms[fields][6]\" spellcheck=\"false\" required><\/div><div id=\"wpforms-1051-field_2-container\" class=\"wpforms-field wpforms-field-textarea\" data-field-id=\"2\"><label class=\"wpforms-field-label\" for=\"wpforms-1051-field_2\">Your message <span class=\"wpforms-required-label\">*<\/span><\/label><textarea id=\"wpforms-1051-field_2\" class=\"wpforms-field-medium wpforms-field-required\" name=\"wpforms[fields][2]\" required><\/textarea><\/div><\/div><!-- .wpforms-field-container --><div class=\"wpforms-recaptcha-container wpforms-is-hcaptcha\" ><div class=\"g-recaptcha\" data-sitekey=\"34fbaa3f-2deb-4ed1-8fba-3f7e900742ec\"><\/div><input type=\"text\" name=\"g-recaptcha-hidden\" class=\"wpforms-recaptcha-hidden\" style=\"position:absolute!important;clip:rect(0,0,0,0)!important;height:1px!important;width:1px!important;border:0!important;overflow:hidden!important;padding:0!important;margin:0!important;\" data-rule-hcaptcha=\"1\"><\/div><div class=\"wpforms-submit-container\" ><input type=\"hidden\" name=\"wpforms[id]\" value=\"1051\"><input type=\"hidden\" name=\"page_title\" value=\"\"><input type=\"hidden\" name=\"page_url\" value=\"https:\/\/xn--ntcasinot-v2a.net\/no\/wp-json\/wp\/v2\/pages\/2099\"><button type=\"submit\" name=\"wpforms[submit]\" id=\"wpforms-submit-1051\" class=\"wpforms-submit\" data-alt-text=\"Skickar..\" data-submit-text=\"Skicka\" aria-live=\"assertive\" value=\"wpforms-submit\">Skicka<\/button><img loading=\"lazy\" decoding=\"async\" src=\"https:\/\/xn--ntcasinot-v2a.net\/wp-content\/plugins\/wpforms-lite\/assets\/images\/submit-spin.svg\" class=\"wpforms-submit-spinner\" style=\"display: none;\" width=\"26\" height=\"26\" alt=\"Loading\"><\/div><\/form><\/div>  <!-- .wpforms-container -->\n\n<h2 class=\"wp-block-heading\">Reklame? Kontakt oss via Skype<\/h2>\n\n<p>Hvis du har sp\u00f8rsm\u00e5l om annonsering, kan du kontakte oss via Skype. Vi foretrekker \u00e5 kommunisere via Skype for \u00e5 sikre rask og smidig kommunikasjon. V\u00e5r SkypeID er live:.cid.d5c381bed0056b6c. Du kan ogs\u00e5 s\u00f8ke etter Online Casino p\u00e5 Skype for \u00e5 finne oss.<\/p>\n\n<p>Vi ser frem til \u00e5 h\u00f8re fra deg og diskutere mulighetene for samarbeid. Nedenfor finner du v\u00e5r SkypeID:<\/p>\n\n<figure class=\"wp-block-table\"><table><thead><tr><th>SkypeID<\/th><\/tr><\/thead><tbody><tr><td>live:.cid.d5c381bed0056b6c<\/td><\/tr><\/tbody><\/table><\/figure>\n\n<h2 class=\"wp-block-heading\">Andre sp\u00f8rsm\u00e5l? Bruk kontaktskjemaet<\/h2>\n\n<p>For andre sp\u00f8rsm\u00e5l og foresp\u00f8rsler kan du ogs\u00e5 bruke kontaktskjemaet nedenfor. Vi minner imidlertid om at vi foretrekker Skype som kommunikasjonskanal for reklameforesp\u00f8rsler. Dessverre hender det at spam-e-poster slipper gjennom og at foresp\u00f8rsler g\u00e5r tapt. Vi gj\u00f8r imidlertid v\u00e5rt beste for \u00e5 besvare alle sp\u00f8rsm\u00e5l s\u00e5 raskt som mulig.<\/p>\n\n<p>Vi ser frem til \u00e5 h\u00f8re fra deg!<\/p>\n","protected":false},"excerpt":{"rendered":"<p>Vi i Online Casino er alltid \u00e5pne for \u00e5 h\u00f8re fra leserne v\u00e5re og ta imot foresp\u00f8rsler om samarbeid. Hvis du har sp\u00f8rsm\u00e5l eller kommentarer, er du velkommen til \u00e5 kontakte oss via Skype eller kontaktskjemaet nedenfor. Reklame? Kontakt oss via Skype Hvis du har sp\u00f8rsm\u00e5l om annonsering, kan du kontakte oss via Skype. Vi [&hellip;]<\/p>\n","protected":false},"author":1,"featured_media":1919,"parent":0,"menu_order":0,"comment_status":"closed","ping_status":"closed","template":"","meta":{"footnotes":""},"class_list":["post-2099","page","type-page","status-publish","has-post-thumbnail","hentry"],"featured_image_urls_v2":{"full":["https:\/\/xn--ntcasinot-v2a.net\/wp-content\/uploads\/2023\/04\/phwdptvulxw.jpg",1598,1200,false],"thumbnail":["https:\/\/xn--ntcasinot-v2a.net\/wp-content\/uploads\/2023\/04\/phwdptvulxw-150x150.jpg",150,150,true],"medium":["https:\/\/xn--ntcasinot-v2a.net\/wp-content\/uploads\/2023\/04\/phwdptvulxw-300x225.jpg",300,225,true],"medium_large":["https:\/\/xn--ntcasinot-v2a.net\/wp-content\/uploads\/2023\/04\/phwdptvulxw-768x577.jpg",768,577,true],"large":["https:\/\/xn--ntcasinot-v2a.net\/wp-content\/uploads\/2023\/04\/phwdptvulxw-1024x769.jpg",1024,769,true],"1536x1536":["https:\/\/xn--ntcasinot-v2a.net\/wp-content\/uploads\/2023\/04\/phwdptvulxw-1536x1153.jpg",1536,1153,true],"2048x2048":["https:\/\/xn--ntcasinot-v2a.net\/wp-content\/uploads\/2023\/04\/phwdptvulxw.jpg",1598,1200,false],"mercury-custom-logo":["https:\/\/xn--ntcasinot-v2a.net\/wp-content\/uploads\/2023\/04\/phwdptvulxw-53x40.jpg",53,40,true],"mercury-50-50":["https:\/\/xn--ntcasinot-v2a.net\/wp-content\/uploads\/2023\/04\/phwdptvulxw-50x50.jpg",50,50,true],"mercury-100-100":["https:\/\/xn--ntcasinot-v2a.net\/wp-content\/uploads\/2023\/04\/phwdptvulxw-100x100.jpg",100,100,true],"mercury-120-120":["https:\/\/xn--ntcasinot-v2a.net\/wp-content\/uploads\/2023\/04\/phwdptvulxw-120x120.jpg",120,120,true],"mercury-135-135":["https:\/\/xn--ntcasinot-v2a.net\/wp-content\/uploads\/2023\/04\/phwdptvulxw-135x135.jpg",135,135,true],"mercury-213-120":["https:\/\/xn--ntcasinot-v2a.net\/wp-content\/uploads\/2023\/04\/phwdptvulxw.jpg",160,120,false],"mercury-270-270":["https:\/\/xn--ntcasinot-v2a.net\/wp-content\/uploads\/2023\/04\/phwdptvulxw-270x270.jpg",270,270,true],"mercury-270-430":["https:\/\/xn--ntcasinot-v2a.net\/wp-content\/uploads\/2023\/04\/phwdptvulxw-270x430.jpg",270,430,true],"mercury-340-447":["https:\/\/xn--ntcasinot-v2a.net\/wp-content\/uploads\/2023\/04\/phwdptvulxw-340x447.jpg",340,447,true],"mercury-450-254":["https:\/\/xn--ntcasinot-v2a.net\/wp-content\/uploads\/2023\/04\/phwdptvulxw-450x254.jpg",450,254,true],"mercury-450-317":["https:\/\/xn--ntcasinot-v2a.net\/wp-content\/uploads\/2023\/04\/phwdptvulxw-450x317.jpg",450,317,true],"mercury-450-338":["https:\/\/xn--ntcasinot-v2a.net\/wp-content\/uploads\/2023\/04\/phwdptvulxw-450x338.jpg",450,338,true],"mercury-450-450":["https:\/\/xn--ntcasinot-v2a.net\/wp-content\/uploads\/2023\/04\/phwdptvulxw-450x450.jpg",450,450,true],"mercury-450-600":["https:\/\/xn--ntcasinot-v2a.net\/wp-content\/uploads\/2023\/04\/phwdptvulxw-450x600.jpg",450,600,true],"mercury-450-717":["https:\/\/xn--ntcasinot-v2a.net\/wp-content\/uploads\/2023\/04\/phwdptvulxw-450x717.jpg",450,717,true],"mercury-479-479":["https:\/\/xn--ntcasinot-v2a.net\/wp-content\/uploads\/2023\/04\/phwdptvulxw-479x479.jpg",479,479,true],"mercury-570-270":["https:\/\/xn--ntcasinot-v2a.net\/wp-content\/uploads\/2023\/04\/phwdptvulxw-570x270.jpg",570,270,true],"mercury-570-430":["https:\/\/xn--ntcasinot-v2a.net\/wp-content\/uploads\/2023\/04\/phwdptvulxw-570x430.jpg",570,430,true],"mercury-570-570":["https:\/\/xn--ntcasinot-v2a.net\/wp-content\/uploads\/2023\/04\/phwdptvulxw-570x570.jpg",570,570,true],"mercury-585-505":["https:\/\/xn--ntcasinot-v2a.net\/wp-content\/uploads\/2023\/04\/phwdptvulxw-585x505.jpg",585,505,true],"mercury-737-556":["https:\/\/xn--ntcasinot-v2a.net\/wp-content\/uploads\/2023\/04\/phwdptvulxw-737x556.jpg",737,556,true],"mercury-737-983":["https:\/\/xn--ntcasinot-v2a.net\/wp-content\/uploads\/2023\/04\/phwdptvulxw-737x983.jpg",737,983,true],"mercury-767-767":["https:\/\/xn--ntcasinot-v2a.net\/wp-content\/uploads\/2023\/04\/phwdptvulxw-767x767.jpg",767,767,true],"mercury-768-576":["https:\/\/xn--ntcasinot-v2a.net\/wp-content\/uploads\/2023\/04\/phwdptvulxw-768x576.jpg",768,576,true],"mercury-900-675":["https:\/\/xn--ntcasinot-v2a.net\/wp-content\/uploads\/2023\/04\/phwdptvulxw-900x675.jpg",900,675,true],"mercury-994-559":["https:\/\/xn--ntcasinot-v2a.net\/wp-content\/uploads\/2023\/04\/phwdptvulxw-994x559.jpg",994,559,true],"mercury-1170-505":["https:\/\/xn--ntcasinot-v2a.net\/wp-content\/uploads\/2023\/04\/phwdptvulxw-1170x505.jpg",1170,505,true],"mercury-2000-400":["https:\/\/xn--ntcasinot-v2a.net\/wp-content\/uploads\/2023\/04\/phwdptvulxw-1598x400.jpg",1598,400,true],"mercury-9999-32":["https:\/\/xn--ntcasinot-v2a.net\/wp-content\/uploads\/2023\/04\/phwdptvulxw-43x32.jpg",43,32,true],"mercury-9999-70":["https:\/\/xn--ntcasinot-v2a.net\/wp-content\/uploads\/2023\/04\/phwdptvulxw.jpg",93,70,false],"mercury-9999-80":["https:\/\/xn--ntcasinot-v2a.net\/wp-content\/uploads\/2023\/04\/phwdptvulxw-107x80.jpg",107,80,true],"mercury-9999-135":["https:\/\/xn--ntcasinot-v2a.net\/wp-content\/uploads\/2023\/04\/phwdptvulxw-180x135.jpg",180,135,true]},"post_excerpt_stackable_v2":"<p>Vi i Online Casino er alltid \u00e5pne for \u00e5 h\u00f8re fra leserne v\u00e5re og ta imot foresp\u00f8rsler om samarbeid. Hvis du har sp\u00f8rsm\u00e5l eller kommentarer, er du velkommen til \u00e5 kontakte oss via Skype eller kontaktskjemaet nedenfor. Please enable JavaScript in your browser to complete this form.Name *Why are you contacting us?AdvertisingTipsOtherYour company nameEmail *Your message *Skicka Reklame? Kontakt oss via Skype Hvis du har sp\u00f8rsm\u00e5l om annonsering, kan du kontakte oss via Skype. Vi foretrekker \u00e5 kommunisere via Skype for \u00e5 sikre rask og smidig kommunikasjon. V\u00e5r SkypeID er live:.cid.d5c381bed0056b6c. Du kan ogs\u00e5 s\u00f8ke etter Online Casino p\u00e5 Skype&hellip;<\/p>\n","category_list_v2":"","author_info_v2":{"name":"Nils Skoglund","url":"https:\/\/xn--ntcasinot-v2a.net\/no\/author\/natcasino\/"},"comments_num_v2":"0 comments","yoast_head":"<!-- This site is optimized with the Yoast SEO plugin v23.0 - https:\/\/yoast.com\/wordpress\/plugins\/seo\/ -->\n<title>Kontakt oss - N\u00e4tcasino<\/title>\n<meta name=\"robots\" content=\"index, follow, max-snippet:-1, max-image-preview:large, max-video-preview:-1\" \/>\n<link rel=\"canonical\" href=\"https:\/\/xn--ntcasinot-v2a.net\/no\/kontakt-oss\/\" \/>\n<meta property=\"og:locale\" content=\"nb_NO\" \/>\n<meta property=\"og:type\" content=\"article\" \/>\n<meta property=\"og:title\" content=\"Kontakt oss - N\u00e4tcasino\" \/>\n<meta property=\"og:description\" content=\"Vi i Online Casino er alltid \u00e5pne for \u00e5 h\u00f8re fra leserne v\u00e5re og ta imot foresp\u00f8rsler om samarbeid. Hvis du har sp\u00f8rsm\u00e5l eller kommentarer, er du velkommen til \u00e5 kontakte oss via Skype eller kontaktskjemaet nedenfor. Reklame? Kontakt oss via Skype Hvis du har sp\u00f8rsm\u00e5l om annonsering, kan du kontakte oss via Skype. Vi [&hellip;]\" \/>\n<meta property=\"og:url\" content=\"https:\/\/xn--ntcasinot-v2a.net\/no\/kontakt-oss\/\" \/>\n<meta property=\"og:site_name\" content=\"N\u00e4tcasino\" \/>\n<meta property=\"article:modified_time\" content=\"2024-03-26T11:09:50+00:00\" \/>\n<meta property=\"og:image\" content=\"https:\/\/xn--ntcasinot-v2a.net\/wp-content\/uploads\/2023\/04\/phwdptvulxw.jpg\" \/>\n\t<meta property=\"og:image:width\" content=\"1598\" \/>\n\t<meta property=\"og:image:height\" content=\"1200\" \/>\n\t<meta property=\"og:image:type\" content=\"image\/jpeg\" \/>\n<meta name=\"twitter:card\" content=\"summary_large_image\" \/>\n<meta name=\"twitter:label1\" content=\"Ansl. lesetid\" \/>\n\t<meta name=\"twitter:data1\" content=\"1 minutt\" \/>\n<script type=\"application\/ld+json\" class=\"yoast-schema-graph\">{\"@context\":\"https:\/\/schema.org\",\"@graph\":[{\"@type\":\"WebPage\",\"@id\":\"https:\/\/xn--ntcasinot-v2a.net\/no\/kontakt-oss\/\",\"url\":\"https:\/\/xn--ntcasinot-v2a.net\/no\/kontakt-oss\/\",\"name\":\"Kontakt oss - N\u00e4tcasino\",\"isPartOf\":{\"@id\":\"https:\/\/xn--ntcasinot-v2a.net\/#website\"},\"primaryImageOfPage\":{\"@id\":\"https:\/\/xn--ntcasinot-v2a.net\/no\/kontakt-oss\/#primaryimage\"},\"image\":{\"@id\":\"https:\/\/xn--ntcasinot-v2a.net\/no\/kontakt-oss\/#primaryimage\"},\"thumbnailUrl\":\"https:\/\/xn--ntcasinot-v2a.net\/wp-content\/uploads\/2023\/04\/phwdptvulxw.jpg\",\"datePublished\":\"2023-01-15T19:08:11+00:00\",\"dateModified\":\"2024-03-26T11:09:50+00:00\",\"breadcrumb\":{\"@id\":\"https:\/\/xn--ntcasinot-v2a.net\/no\/kontakt-oss\/#breadcrumb\"},\"inLanguage\":\"nb-NO\",\"potentialAction\":[{\"@type\":\"ReadAction\",\"target\":[\"https:\/\/xn--ntcasinot-v2a.net\/no\/kontakt-oss\/\"]}]},{\"@type\":\"ImageObject\",\"inLanguage\":\"nb-NO\",\"@id\":\"https:\/\/xn--ntcasinot-v2a.net\/no\/kontakt-oss\/#primaryimage\",\"url\":\"https:\/\/xn--ntcasinot-v2a.net\/wp-content\/uploads\/2023\/04\/phwdptvulxw.jpg\",\"contentUrl\":\"https:\/\/xn--ntcasinot-v2a.net\/wp-content\/uploads\/2023\/04\/phwdptvulxw.jpg\",\"width\":1598,\"height\":1200},{\"@type\":\"BreadcrumbList\",\"@id\":\"https:\/\/xn--ntcasinot-v2a.net\/no\/kontakt-oss\/#breadcrumb\",\"itemListElement\":[{\"@type\":\"ListItem\",\"position\":1,\"name\":\"Hem\",\"item\":\"https:\/\/xn--ntcasinot-v2a.net\/no\/nettcasino\/\"},{\"@type\":\"ListItem\",\"position\":2,\"name\":\"Kontakt oss\"}]},{\"@type\":\"WebSite\",\"@id\":\"https:\/\/xn--ntcasinot-v2a.net\/#website\",\"url\":\"https:\/\/xn--ntcasinot-v2a.net\/\",\"name\":\"N\u00e4tcasino\",\"description\":\"Online casino p\u00e5 n\u00e4tet\",\"publisher\":{\"@id\":\"https:\/\/xn--ntcasinot-v2a.net\/#organization\"},\"potentialAction\":[{\"@type\":\"SearchAction\",\"target\":{\"@type\":\"EntryPoint\",\"urlTemplate\":\"https:\/\/xn--ntcasinot-v2a.net\/?s={search_term_string}\"},\"query-input\":\"required name=search_term_string\"}],\"inLanguage\":\"nb-NO\"},{\"@type\":\"Organization\",\"@id\":\"https:\/\/xn--ntcasinot-v2a.net\/#organization\",\"name\":\"N\u00e4tcasino\",\"url\":\"https:\/\/xn--ntcasinot-v2a.net\/\",\"logo\":{\"@type\":\"ImageObject\",\"inLanguage\":\"nb-NO\",\"@id\":\"https:\/\/xn--ntcasinot-v2a.net\/#\/schema\/logo\/image\/\",\"url\":\"https:\/\/xn--ntcasinot-v2a.net\/wp-content\/uploads\/2022\/03\/natcasinot.net-logo.png\",\"contentUrl\":\"https:\/\/xn--ntcasinot-v2a.net\/wp-content\/uploads\/2022\/03\/natcasinot.net-logo.png\",\"width\":400,\"height\":150,\"caption\":\"N\u00e4tcasino\"},\"image\":{\"@id\":\"https:\/\/xn--ntcasinot-v2a.net\/#\/schema\/logo\/image\/\"}}]}<\/script>\n<!-- \/ Yoast SEO plugin. -->","yoast_head_json":{"title":"Kontakt oss - N\u00e4tcasino","robots":{"index":"index","follow":"follow","max-snippet":"max-snippet:-1","max-image-preview":"max-image-preview:large","max-video-preview":"max-video-preview:-1"},"canonical":"https:\/\/xn--ntcasinot-v2a.net\/no\/kontakt-oss\/","og_locale":"nb_NO","og_type":"article","og_title":"Kontakt oss - N\u00e4tcasino","og_description":"Vi i Online Casino er alltid \u00e5pne for \u00e5 h\u00f8re fra leserne v\u00e5re og ta imot foresp\u00f8rsler om samarbeid. Hvis du har sp\u00f8rsm\u00e5l eller kommentarer, er du velkommen til \u00e5 kontakte oss via Skype eller kontaktskjemaet nedenfor. Reklame? Kontakt oss via Skype Hvis du har sp\u00f8rsm\u00e5l om annonsering, kan du kontakte oss via Skype. Vi [&hellip;]","og_url":"https:\/\/xn--ntcasinot-v2a.net\/no\/kontakt-oss\/","og_site_name":"N\u00e4tcasino","article_modified_time":"2024-03-26T11:09:50+00:00","og_image":[{"width":1598,"height":1200,"url":"https:\/\/xn--ntcasinot-v2a.net\/wp-content\/uploads\/2023\/04\/phwdptvulxw.jpg","type":"image\/jpeg"}],"twitter_card":"summary_large_image","twitter_misc":{"Ansl. lesetid":"1 minutt"},"schema":{"@context":"https:\/\/schema.org","@graph":[{"@type":"WebPage","@id":"https:\/\/xn--ntcasinot-v2a.net\/no\/kontakt-oss\/","url":"https:\/\/xn--ntcasinot-v2a.net\/no\/kontakt-oss\/","name":"Kontakt oss - N\u00e4tcasino","isPartOf":{"@id":"https:\/\/xn--ntcasinot-v2a.net\/#website"},"primaryImageOfPage":{"@id":"https:\/\/xn--ntcasinot-v2a.net\/no\/kontakt-oss\/#primaryimage"},"image":{"@id":"https:\/\/xn--ntcasinot-v2a.net\/no\/kontakt-oss\/#primaryimage"},"thumbnailUrl":"https:\/\/xn--ntcasinot-v2a.net\/wp-content\/uploads\/2023\/04\/phwdptvulxw.jpg","datePublished":"2023-01-15T19:08:11+00:00","dateModified":"2024-03-26T11:09:50+00:00","breadcrumb":{"@id":"https:\/\/xn--ntcasinot-v2a.net\/no\/kontakt-oss\/#breadcrumb"},"inLanguage":"nb-NO","potentialAction":[{"@type":"ReadAction","target":["https:\/\/xn--ntcasinot-v2a.net\/no\/kontakt-oss\/"]}]},{"@type":"ImageObject","inLanguage":"nb-NO","@id":"https:\/\/xn--ntcasinot-v2a.net\/no\/kontakt-oss\/#primaryimage","url":"https:\/\/xn--ntcasinot-v2a.net\/wp-content\/uploads\/2023\/04\/phwdptvulxw.jpg","contentUrl":"https:\/\/xn--ntcasinot-v2a.net\/wp-content\/uploads\/2023\/04\/phwdptvulxw.jpg","width":1598,"height":1200},{"@type":"BreadcrumbList","@id":"https:\/\/xn--ntcasinot-v2a.net\/no\/kontakt-oss\/#breadcrumb","itemListElement":[{"@type":"ListItem","position":1,"name":"Hem","item":"https:\/\/xn--ntcasinot-v2a.net\/no\/nettcasino\/"},{"@type":"ListItem","position":2,"name":"Kontakt oss"}]},{"@type":"WebSite","@id":"https:\/\/xn--ntcasinot-v2a.net\/#website","url":"https:\/\/xn--ntcasinot-v2a.net\/","name":"N\u00e4tcasino","description":"Online casino p\u00e5 n\u00e4tet","publisher":{"@id":"https:\/\/xn--ntcasinot-v2a.net\/#organization"},"potentialAction":[{"@type":"SearchAction","target":{"@type":"EntryPoint","urlTemplate":"https:\/\/xn--ntcasinot-v2a.net\/?s={search_term_string}"},"query-input":"required name=search_term_string"}],"inLanguage":"nb-NO"},{"@type":"Organization","@id":"https:\/\/xn--ntcasinot-v2a.net\/#organization","name":"N\u00e4tcasino","url":"https:\/\/xn--ntcasinot-v2a.net\/","logo":{"@type":"ImageObject","inLanguage":"nb-NO","@id":"https:\/\/xn--ntcasinot-v2a.net\/#\/schema\/logo\/image\/","url":"https:\/\/xn--ntcasinot-v2a.net\/wp-content\/uploads\/2022\/03\/natcasinot.net-logo.png","contentUrl":"https:\/\/xn--ntcasinot-v2a.net\/wp-content\/uploads\/2022\/03\/natcasinot.net-logo.png","width":400,"height":150,"caption":"N\u00e4tcasino"},"image":{"@id":"https:\/\/xn--ntcasinot-v2a.net\/#\/schema\/logo\/image\/"}}]}},"_links":{"self":[{"href":"https:\/\/xn--ntcasinot-v2a.net\/no\/wp-json\/wp\/v2\/pages\/2099","targetHints":{"allow":["GET"]}}],"collection":[{"href":"https:\/\/xn--ntcasinot-v2a.net\/no\/wp-json\/wp\/v2\/pages"}],"about":[{"href":"https:\/\/xn--ntcasinot-v2a.net\/no\/wp-json\/wp\/v2\/types\/page"}],"author":[{"embeddable":true,"href":"https:\/\/xn--ntcasinot-v2a.net\/no\/wp-json\/wp\/v2\/users\/1"}],"replies":[{"embeddable":true,"href":"https:\/\/xn--ntcasinot-v2a.net\/no\/wp-json\/wp\/v2\/comments?post=2099"}],"version-history":[{"count":1,"href":"https:\/\/xn--ntcasinot-v2a.net\/no\/wp-json\/wp\/v2\/pages\/2099\/revisions"}],"predecessor-version":[{"id":2104,"href":"https:\/\/xn--ntcasinot-v2a.net\/no\/wp-json\/wp\/v2\/pages\/2099\/revisions\/2104"}],"wp:featuredmedia":[{"embeddable":true,"href":"https:\/\/xn--ntcasinot-v2a.net\/no\/wp-json\/wp\/v2\/media\/1919"}],"wp:attachment":[{"href":"https:\/\/xn--ntcasinot-v2a.net\/no\/wp-json\/wp\/v2\/media?parent=2099"}],"curies":[{"name":"wp","href":"https:\/\/api.w.org\/{rel}","templated":true}]}}